{"id":23,"date":"2023-09-13T08:57:59","date_gmt":"2023-09-13T08:57:59","guid":{"rendered":"https:\/\/teid.dk\/da\/?page_id=23"},"modified":"2026-04-15T11:49:13","modified_gmt":"2026-04-15T11:49:13","slug":"forside","status":"publish","type":"page","link":"https:\/\/teid.dk\/da\/","title":{"rendered":"Forside"},"content":{"rendered":"\n<p class=\"has-pale-cyan-blue-background-color has-background\" style=\"border-width:17px;font-size:clamp(16.293px, 1.018rem + ((1vw - 3.2px) * 0.989), 25px);\"><strong>TEID&#8217;e \u00fcye olmak ve Networking etkinli\u011fimize indirimli bilet almak i\u00e7in <a href=\"https:\/\/teid.dk\/teid-networking-2026-etkinlik-kayit-rehberi\/\">t\u0131klay\u0131n\u0131z<\/a>.<\/strong><\/p>\n\n\n\n<p><\/p>\n\n\n\n<p><strong>VELKOMMEN!<\/strong><\/p>\n\n\n\n<p>Tyrkiske Expats i Danmark, TEID, er en speciel platform for tyrkiske fagfolk, akademikere og studerende, der bor i Danmark. Vores rejse, der begyndte under navnet &#8220;<a href=\"https:\/\/danimarka101.com\">Danimarka 101<\/a>&#8221; i 2020 med initiativer fra Handelsr\u00e5dgiveriet ved Republikken Tyrkiets Ambassade i K\u00f8benhavn, er officielt blevet til TEID fra 2023.<\/p>\n\n\n\n<p>TEID samler en bred vifte af individer fra forskellige sektorer, herunder ingeni\u00f8rer, l\u00e6ger, ledere og videnskabsfolk, med det form\u00e5l at hj\u00e6lpe vores medlemmer med at integrere sig bedre i det danske samfund, styrke forbindelserne inden for det tyrkiske samfund i Danmark og skabe muligheder for erfaringsudveksling og netv\u00e6rksdannelse.<\/p>\n\n\n\n<p>Vi hos TEID str\u00e6ber efter at udvide vores f\u00e6llesskab og \u00f8ge interaktionen mellem vores medlemmer. Du kan ogs\u00e5 blive en del af dette samfund ved at <a href=\"https:\/\/teid.dk\/da\/bliv-medlem\/\" data-type=\"page\" data-id=\"39\">bliv medlem<\/a> i dag.<\/p>\n\n\n\n<p>Velkommen til TEID-f\u00e6llesskabet!<\/p>\n\n\n\n<p class=\"has-yuki-font-small-font-size\"><strong>TEID Networking &#8216;\u00dcye Ol &amp; \u0130ndirimli Gel&#8217; Bileti i\u00e7in <a href=\"https:\/\/teid.dk\/teid-networking-2026-etkinlik-kayit-rehberi\/\">t\u0131klay\u0131n\u0131z<\/a>.<\/strong><\/p>\n","protected":false},"excerpt":{"rendered":"<p>TEID&#8217;e \u00fcye olmak ve Networking etkinli\u011fimize indirimli bilet almak i\u00e7in t\u0131klay\u0131n\u0131z. VELKOMMEN! Tyrkiske Expats i Danmark, TEID, er en speciel platform for tyrkiske fagfolk, akademikere og studerende, der bor i Danmark. Vores rejse, der begyndte under navnet &#8220;Danimarka 101&#8221; i 2020 med initiativer fra Handelsr\u00e5dgiveriet ved Republikken Tyrkiets Ambassade i K\u00f8benhavn, er officielt blevet til [&hellip;]<\/p>\n","protected":false},"author":1,"featured_media":0,"parent":0,"menu_order":0,"comment_status":"closed","ping_status":"closed","template":"","meta":{"site-container-style":"default","site-container-layout":"default","site-sidebar-layout":"default","disable-article-header":"default","disable-site-header":"default","disable-site-footer":"default","disable-content-area-spacing":"default","footnotes":""},"class_list":["post-23","page","type-page","status-publish","hentry"],"jetpack_sharing_enabled":true,"_links":{"self":[{"href":"https:\/\/teid.dk\/da\/wp-json\/wp\/v2\/pages\/23","targetHints":{"allow":["GET"]}}],"collection":[{"href":"https:\/\/teid.dk\/da\/wp-json\/wp\/v2\/pages"}],"about":[{"href":"https:\/\/teid.dk\/da\/wp-json\/wp\/v2\/types\/page"}],"author":[{"embeddable":true,"href":"https:\/\/teid.dk\/da\/wp-json\/wp\/v2\/users\/1"}],"replies":[{"embeddable":true,"href":"https:\/\/teid.dk\/da\/wp-json\/wp\/v2\/comments?post=23"}],"version-history":[{"count":11,"href":"https:\/\/teid.dk\/da\/wp-json\/wp\/v2\/pages\/23\/revisions"}],"predecessor-version":[{"id":170,"href":"https:\/\/teid.dk\/da\/wp-json\/wp\/v2\/pages\/23\/revisions\/170"}],"wp:attachment":[{"href":"https:\/\/teid.dk\/da\/wp-json\/wp\/v2\/media?parent=23"}],"curies":[{"name":"wp","href":"https:\/\/api.w.org\/{rel}","templated":true}]}}