{"id":39,"date":"2023-09-13T09:36:53","date_gmt":"2023-09-13T09:36:53","guid":{"rendered":"https:\/\/teid.dk\/da\/?page_id=39"},"modified":"2025-05-03T18:53:07","modified_gmt":"2025-05-03T18:53:07","slug":"bliv-medlem","status":"publish","type":"page","link":"https:\/\/teid.dk\/da\/bliv-medlem\/","title":{"rendered":"Bliv Medlem"},"content":{"rendered":"\n<p>For at blive medlem, f\u00f8lg venligst nedenst\u00e5ende trin:<\/p>\n\n\n\n<ul class=\"wp-block-list\">\n<li>Udfyld registreringsformularen.<\/li>\n\n\n\n<li>N\u00e5r vi har modtaget din ans\u00f8gning, evaluerer vi den, og hvis den godkendes, sender vi dig vores bankoplysninger.<\/li>\n\n\n\n<li>Efter du har betalt, s\u00e5 starter den formelle godkendelsesproces. N\u00e5r processen er godkendt, modtager du en bekr\u00e6ftelses-e-mail.<\/li>\n<\/ul>\n\n\n\n<p>Medlemsgebyr: 250,00 DKK \/ \u00e5r (1. januar <script>document.write(new Date().getFullYear());<\/script> &#8211; 31. december <script>document.write(new Date().getFullYear());<\/script>)<br> &#8211; Medlemsgebyr (efter 1. september <script>document.write(new Date().getFullYear());<\/script>): 100,00 DKK indtil 31. december <script>document.write(new Date().getFullYear());<\/script><br>Studenter Medlemsgebyr: 100,00 DKK \/ \u00e5r (1. januar <script>document.write(new Date().getFullYear());<\/script> &#8211; 31. december <script>document.write(new Date().getFullYear());<\/script>) *<br> &#8211; Studenter Medlemsgebyr (efter 1. september <script>document.write(new Date().getFullYear());<\/script>): 50,00 DKK indtil 31. december <script>document.write(new Date().getFullYear());<\/script> *<br>* For at f\u00e5 gavn af det nedsatte studenter medlemsgebyr, skal du fremsende et dokument, der bekr\u00e6fter din status, til <a href=\"mailto:info@teid.dk\">info@teid.dk<\/a>.<br> &#8211; Medlemskaber er gyldige fra godkendelsesdatoen til udgangen af \u200b\u200bkalender\u00e5ret.<\/p>\n\n\n\n<p>Hvis du har sp\u00f8rgsm\u00e5l, I kan kontakte os p\u00e5 <a href=\"mailto:info@teid.dk\">info@teid.dk<\/a>.<\/p>\n\n\n                <div class=\"ml-embedded\" data-form=\"wzWwAQ\"><\/div>\n            \n","protected":false},"excerpt":{"rendered":"<p>For at blive medlem, f\u00f8lg venligst nedenst\u00e5ende trin: Medlemsgebyr: 250,00 DKK \/ \u00e5r (1. januar &#8211; 31. december ) &#8211; Medlemsgebyr (efter 1. september ): 100,00 DKK indtil 31. december Studenter Medlemsgebyr: 100,00 DKK \/ \u00e5r (1. januar &#8211; 31. december ) * &#8211; Studenter Medlemsgebyr (efter 1. september ): 50,00 DKK indtil 31. december [&hellip;]<\/p>\n","protected":false},"author":1,"featured_media":0,"parent":0,"menu_order":0,"comment_status":"closed","ping_status":"closed","template":"","meta":{"site-container-style":"default","site-container-layout":"default","site-sidebar-layout":"default","disable-article-header":"default","disable-site-header":"default","disable-site-footer":"default","disable-content-area-spacing":"default","footnotes":""},"class_list":["post-39","page","type-page","status-publish","hentry"],"jetpack_sharing_enabled":true,"_links":{"self":[{"href":"https:\/\/teid.dk\/da\/wp-json\/wp\/v2\/pages\/39","targetHints":{"allow":["GET"]}}],"collection":[{"href":"https:\/\/teid.dk\/da\/wp-json\/wp\/v2\/pages"}],"about":[{"href":"https:\/\/teid.dk\/da\/wp-json\/wp\/v2\/types\/page"}],"author":[{"embeddable":true,"href":"https:\/\/teid.dk\/da\/wp-json\/wp\/v2\/users\/1"}],"replies":[{"embeddable":true,"href":"https:\/\/teid.dk\/da\/wp-json\/wp\/v2\/comments?post=39"}],"version-history":[{"count":20,"href":"https:\/\/teid.dk\/da\/wp-json\/wp\/v2\/pages\/39\/revisions"}],"predecessor-version":[{"id":153,"href":"https:\/\/teid.dk\/da\/wp-json\/wp\/v2\/pages\/39\/revisions\/153"}],"wp:attachment":[{"href":"https:\/\/teid.dk\/da\/wp-json\/wp\/v2\/media?parent=39"}],"curies":[{"name":"wp","href":"https:\/\/api.w.org\/{rel}","templated":true}]}}