{"id":57,"date":"2023-10-24T21:57:41","date_gmt":"2023-10-24T21:57:41","guid":{"rendered":"https:\/\/teid.dk\/da\/?page_id=57"},"modified":"2026-03-30T17:28:13","modified_gmt":"2026-03-30T17:28:13","slug":"bestyrelse","status":"publish","type":"page","link":"https:\/\/teid.dk\/da\/bestyrelse\/","title":{"rendered":"Bestyrelse"},"content":{"rendered":"\n<p><strong>24 Februar 2026 &#8211; Dagsdato<\/strong><\/p>\n\n\n\n<ul class=\"wp-block-list\">\n<li>B\u00fc\u015fra Ak\u0131n (Formand)<\/li>\n\n\n\n<li>Ahmet Akko\u00e7 (Bestyrelsesmedlem)<\/li>\n\n\n\n<li>Ensar Ademci (Bestyrelsesmedlem)<\/li>\n\n\n\n<li>\u015eule Topak (Bestyrelsesmedlem)<\/li>\n\n\n\n<li>K\u00fcbra Ta\u015f (Bestyrelsesmedlem)<\/li>\n<\/ul>\n\n\n\n<p><\/p>\n","protected":false},"excerpt":{"rendered":"<p>24 Februar 2026 &#8211; Dagsdato<\/p>\n","protected":false},"author":1,"featured_media":0,"parent":0,"menu_order":0,"comment_status":"closed","ping_status":"closed","template":"","meta":{"site-container-style":"default","site-container-layout":"default","site-sidebar-layout":"default","disable-article-header":"default","disable-site-header":"default","disable-site-footer":"default","disable-content-area-spacing":"default","footnotes":""},"class_list":["post-57","page","type-page","status-publish","hentry"],"jetpack_sharing_enabled":true,"_links":{"self":[{"href":"https:\/\/teid.dk\/da\/wp-json\/wp\/v2\/pages\/57","targetHints":{"allow":["GET"]}}],"collection":[{"href":"https:\/\/teid.dk\/da\/wp-json\/wp\/v2\/pages"}],"about":[{"href":"https:\/\/teid.dk\/da\/wp-json\/wp\/v2\/types\/page"}],"author":[{"embeddable":true,"href":"https:\/\/teid.dk\/da\/wp-json\/wp\/v2\/users\/1"}],"replies":[{"embeddable":true,"href":"https:\/\/teid.dk\/da\/wp-json\/wp\/v2\/comments?post=57"}],"version-history":[{"count":15,"href":"https:\/\/teid.dk\/da\/wp-json\/wp\/v2\/pages\/57\/revisions"}],"predecessor-version":[{"id":166,"href":"https:\/\/teid.dk\/da\/wp-json\/wp\/v2\/pages\/57\/revisions\/166"}],"wp:attachment":[{"href":"https:\/\/teid.dk\/da\/wp-json\/wp\/v2\/media?parent=57"}],"curies":[{"name":"wp","href":"https:\/\/api.w.org\/{rel}","templated":true}]}}