{"id":12,"date":"2023-09-13T09:14:50","date_gmt":"2023-09-13T09:14:50","guid":{"rendered":"https:\/\/teid.dk\/tr\/?page_id=12"},"modified":"2026-01-31T18:04:55","modified_gmt":"2026-01-31T18:04:55","slug":"tuzuk","status":"publish","type":"page","link":"https:\/\/teid.dk\/tr\/tuzuk\/","title":{"rendered":"T\u00fcz\u00fck"},"content":{"rendered":"\n<div data-wp-interactive=\"core\/file\" class=\"wp-block-file\"><object data-wp-bind--hidden=\"!state.hasPdfPreview\" hidden class=\"wp-block-file__embed\" data=\"https:\/\/teid.dk\/tr\/wp-content\/uploads\/sites\/4\/2026\/01\/TEID-Tuzuk_TR_3-Revisyon-Feb2025_Jan2026.pdf\" type=\"application\/pdf\" style=\"width:100%;height:600px\" aria-label=\"TEID Tuzuk_TR_3 Revisyon Feb2025_Jan2026 g\u00f6m\u00fcs\u00fc.\"><\/object><a id=\"wp-block-file--media-382d89ae-3581-42c6-afc5-0d97d098801b\" href=\"https:\/\/teid.dk\/tr\/wp-content\/uploads\/sites\/4\/2026\/01\/TEID-Tuzuk_TR_3-Revisyon-Feb2025_Jan2026.pdf\">TEID Tuzuk_TR_3 Revisyon Feb2025_Jan2026<\/a><\/div>\n","protected":false},"excerpt":{"rendered":"","protected":false},"author":1,"featured_media":0,"parent":0,"menu_order":0,"comment_status":"closed","ping_status":"closed","template":"","meta":{"site-container-style":"default","site-container-layout":"default","site-sidebar-layout":"default","disable-article-header":"default","disable-site-header":"default","disable-site-footer":"default","disable-content-area-spacing":"default","footnotes":""},"class_list":["post-12","page","type-page","status-publish","hentry"],"jetpack_sharing_enabled":true,"_links":{"self":[{"href":"https:\/\/teid.dk\/tr\/wp-json\/wp\/v2\/pages\/12","targetHints":{"allow":["GET"]}}],"collection":[{"href":"https:\/\/teid.dk\/tr\/wp-json\/wp\/v2\/pages"}],"about":[{"href":"https:\/\/teid.dk\/tr\/wp-json\/wp\/v2\/types\/page"}],"author":[{"embeddable":true,"href":"https:\/\/teid.dk\/tr\/wp-json\/wp\/v2\/users\/1"}],"replies":[{"embeddable":true,"href":"https:\/\/teid.dk\/tr\/wp-json\/wp\/v2\/comments?post=12"}],"version-history":[{"count":5,"href":"https:\/\/teid.dk\/tr\/wp-json\/wp\/v2\/pages\/12\/revisions"}],"predecessor-version":[{"id":354,"href":"https:\/\/teid.dk\/tr\/wp-json\/wp\/v2\/pages\/12\/revisions\/354"}],"wp:attachment":[{"href":"https:\/\/teid.dk\/tr\/wp-json\/wp\/v2\/media?parent=12"}],"curies":[{"name":"wp","href":"https:\/\/api.w.org\/{rel}","templated":true}]}}