{"id":48,"date":"2023-10-24T21:43:00","date_gmt":"2023-10-24T21:43:00","guid":{"rendered":"https:\/\/teid.dk\/tr\/?page_id=48"},"modified":"2026-03-30T17:58:11","modified_gmt":"2026-03-30T17:58:11","slug":"yonetim-kurulu","status":"publish","type":"page","link":"https:\/\/teid.dk\/tr\/yonetim-kurulu\/","title":{"rendered":"Y\u00f6netim Kurulu"},"content":{"rendered":"\n<p><strong>24 \u015eubat 2026 &#8211; Hala Y\u00fcr\u00fcrl\u00fckte<\/strong><\/p>\n\n\n\n<ul class=\"wp-block-list\">\n<li>B\u00fc\u015fra Ak\u0131n (Ba\u015fkan)<\/li>\n\n\n\n<li>Ahmet Akko\u00e7 (Y\u00f6netim kurulu \u00fcyesi)<\/li>\n\n\n\n<li>K\u00fcbra Ta\u015f (Y\u00f6netim kurulu \u00fcyesi)<\/li>\n\n\n\n<li>\u015eule Topak (Y\u00f6netim kurulu \u00fcyesi)<\/li>\n\n\n\n<li>Ensar Ademci (Y\u00f6netim kurulu \u00fcyesi) <\/li>\n<\/ul>\n\n\n\n<p>Y\u00f6netim kurulu olas\u0131 \u00e7\u0131kar \u00e7at\u0131\u015fmas\u0131 belgesini g\u00f6r\u00fcnt\u00fclemek i\u00e7in <a href=\"https:\/\/teid.dk\/tr\/wp-content\/uploads\/sites\/4\/2026\/03\/2026-Conflict-of-Interest.pdf\" data-type=\"link\" data-id=\"https:\/\/teid.dk\/tr\/wp-content\/uploads\/sites\/4\/2025\/11\/Conflict-of-interest-guncelleme_Kasim-2025.pdf\" target=\"_blank\" rel=\"noreferrer noopener\">t\u0131klay\u0131n\u0131z<\/a> (30 Mart 2026).<\/p>\n\n\n\n<p><\/p>\n","protected":false},"excerpt":{"rendered":"<p>24 \u015eubat 2026 &#8211; Hala Y\u00fcr\u00fcrl\u00fckte Y\u00f6netim kurulu olas\u0131 \u00e7\u0131kar \u00e7at\u0131\u015fmas\u0131 belgesini g\u00f6r\u00fcnt\u00fclemek i\u00e7in t\u0131klay\u0131n\u0131z (30 Mart 2026).<\/p>\n","protected":false},"author":1,"featured_media":0,"parent":0,"menu_order":0,"comment_status":"closed","ping_status":"closed","template":"","meta":{"site-container-style":"default","site-container-layout":"default","site-sidebar-layout":"default","disable-article-header":"default","disable-site-header":"default","disable-site-footer":"default","disable-content-area-spacing":"default","footnotes":""},"class_list":["post-48","page","type-page","status-publish","hentry"],"jetpack_sharing_enabled":true,"_links":{"self":[{"href":"https:\/\/teid.dk\/tr\/wp-json\/wp\/v2\/pages\/48","targetHints":{"allow":["GET"]}}],"collection":[{"href":"https:\/\/teid.dk\/tr\/wp-json\/wp\/v2\/pages"}],"about":[{"href":"https:\/\/teid.dk\/tr\/wp-json\/wp\/v2\/types\/page"}],"author":[{"embeddable":true,"href":"https:\/\/teid.dk\/tr\/wp-json\/wp\/v2\/users\/1"}],"replies":[{"embeddable":true,"href":"https:\/\/teid.dk\/tr\/wp-json\/wp\/v2\/comments?post=48"}],"version-history":[{"count":19,"href":"https:\/\/teid.dk\/tr\/wp-json\/wp\/v2\/pages\/48\/revisions"}],"predecessor-version":[{"id":362,"href":"https:\/\/teid.dk\/tr\/wp-json\/wp\/v2\/pages\/48\/revisions\/362"}],"wp:attachment":[{"href":"https:\/\/teid.dk\/tr\/wp-json\/wp\/v2\/media?parent=48"}],"curies":[{"name":"wp","href":"https:\/\/api.w.org\/{rel}","templated":true}]}}