{"id":53,"date":"2023-10-24T21:44:05","date_gmt":"2023-10-24T21:44:05","guid":{"rendered":"https:\/\/teid.dk\/tr\/?page_id=53"},"modified":"2024-03-05T12:58:37","modified_gmt":"2024-03-05T12:58:37","slug":"vizyon-ve-misyon","status":"publish","type":"page","link":"https:\/\/teid.dk\/tr\/vizyon-ve-misyon\/","title":{"rendered":"Vizyon ve Misyon"},"content":{"rendered":"\n<p>Danimarka&#8217;daki T\u00fcrk Expatlar Derne\u011fi (TEID), T\u00fcrk profesyoneller, akademisyenler ve \u00f6\u011frenciler i\u00e7in bir birlik ve dayan\u0131\u015fma platformu olarak faaliyet g\u00f6stermektedir. 2020 y\u0131l\u0131nda &#8220;Danimarka 101&#8221; ad\u0131yla ba\u015flayan bu g\u00fczel yolculu\u011fumuz, 2023 y\u0131l\u0131nda resmi bir dernek olarak TEID ad\u0131 alt\u0131nda devam etmektedir.<\/p>\n\n\n\n<p>TEID, m\u00fchendislerden doktorlara, y\u00f6neticilerden bilim insanlar\u0131na kadar farkl\u0131 alanlarda \u00e7al\u0131\u015fan bireyleri bir araya getirerek \u00fcyelerimizin Danimarka toplumuna daha iyi uyum sa\u011flamalar\u0131na; Danimarka\u2019daki T\u00fcrk toplulu\u011fu aras\u0131ndaki ba\u011flar\u0131 g\u00fc\u00e7lendirmeye; deneyimlerimizi payla\u015fmaya; \u00fcyelerimiz i\u00e7in a\u011f olu\u015fturma f\u0131rsatlar\u0131 yaratmaya; T\u00fcrkiye ile Danimarka aras\u0131nda ba\u015fta k\u00fclt\u00fcr ve ticaret olmak \u00fczere bir\u00e7ok alanda g\u00fc\u00e7l\u00fc ba\u011flar kurulmas\u0131na ve \u00fcyelerinin Danimarka ve T\u00fcrkiye kurum-kurulu\u015flar\u0131 nezdinde temsil edilmesine y\u00f6nelik \u00e7al\u0131\u015fmalarda bulunur.<\/p>\n\n\n\n<p>TEID olarak, T\u00fcrk toplulu\u011funu daha da b\u00fcy\u00fctmek ve birbirimizle daha fazla etkile\u015fimde bulunmak istiyoruz. \u00dcyelerimiz i\u00e7in \u00e7e\u015fitli etkinlikler d\u00fczenliyor, bilgi ve deneyim payla\u015f\u0131m\u0131n\u0131 te\u015fvik ediyoruz. Ayn\u0131 zamanda, Danimarka 101 platformumuz, T\u00fcrklerin Danimarka&#8217;daki ya\u015famlar\u0131n\u0131 ve deneyimlerini payla\u015fmalar\u0131 i\u00e7in bir alan sunar.<\/p>\n\n\n\n<p>Biz TEID olarak, geli\u015fmeye, \u00f6\u011frenmeye ve birbirimizi desteklemeye inan\u0131yoruz. Derne\u011fimize kat\u0131larak, Danimarka&#8217;daki T\u00fcrk toplulu\u011funun bir par\u00e7as\u0131 olman\u0131n avantajlar\u0131n\u0131 ke\u015ffedin. Siz de TEID ailesinin bir <a href=\"https:\/\/teid.dk\/tr\/uye-ol\/\" data-type=\"page\" data-id=\"36\">\u00fcyesi olabilir<\/a> ve bu yolculu\u011fa \u015fimdi kat\u0131labilirsiniz.<\/p>\n\n\n\n<p>TEID&#8217;e ho\u015f geldiniz!<\/p>\n","protected":false},"excerpt":{"rendered":"<p>Danimarka&#8217;daki T\u00fcrk Expatlar Derne\u011fi (TEID), T\u00fcrk profesyoneller, akademisyenler ve \u00f6\u011frenciler i\u00e7in bir birlik ve dayan\u0131\u015fma platformu olarak faaliyet g\u00f6stermektedir. 2020 y\u0131l\u0131nda &#8220;Danimarka 101&#8221; ad\u0131yla ba\u015flayan bu g\u00fczel yolculu\u011fumuz, 2023 y\u0131l\u0131nda resmi bir dernek olarak TEID ad\u0131 alt\u0131nda devam etmektedir. TEID, m\u00fchendislerden doktorlara, y\u00f6neticilerden bilim insanlar\u0131na kadar farkl\u0131 alanlarda \u00e7al\u0131\u015fan bireyleri bir araya getirerek \u00fcyelerimizin Danimarka [&hellip;]<\/p>\n","protected":false},"author":1,"featured_media":0,"parent":0,"menu_order":0,"comment_status":"closed","ping_status":"closed","template":"","meta":{"site-container-style":"default","site-container-layout":"default","site-sidebar-layout":"default","disable-article-header":"default","disable-site-header":"default","disable-site-footer":"default","disable-content-area-spacing":"default","footnotes":""},"class_list":["post-53","page","type-page","status-publish","hentry"],"jetpack_sharing_enabled":true,"_links":{"self":[{"href":"https:\/\/teid.dk\/tr\/wp-json\/wp\/v2\/pages\/53","targetHints":{"allow":["GET"]}}],"collection":[{"href":"https:\/\/teid.dk\/tr\/wp-json\/wp\/v2\/pages"}],"about":[{"href":"https:\/\/teid.dk\/tr\/wp-json\/wp\/v2\/types\/page"}],"author":[{"embeddable":true,"href":"https:\/\/teid.dk\/tr\/wp-json\/wp\/v2\/users\/1"}],"replies":[{"embeddable":true,"href":"https:\/\/teid.dk\/tr\/wp-json\/wp\/v2\/comments?post=53"}],"version-history":[{"count":3,"href":"https:\/\/teid.dk\/tr\/wp-json\/wp\/v2\/pages\/53\/revisions"}],"predecessor-version":[{"id":227,"href":"https:\/\/teid.dk\/tr\/wp-json\/wp\/v2\/pages\/53\/revisions\/227"}],"wp:attachment":[{"href":"https:\/\/teid.dk\/tr\/wp-json\/wp\/v2\/media?parent=53"}],"curies":[{"name":"wp","href":"https:\/\/api.w.org\/{rel}","templated":true}]}}